{"id":81,"date":"2021-11-07T06:27:28","date_gmt":"2021-11-07T06:27:28","guid":{"rendered":"https:\/\/bromatologia.info\/wp\/?page_id=81"},"modified":"2024-09-29T05:41:41","modified_gmt":"2024-09-29T05:41:41","slug":"que-es-la-ovb","status":"publish","type":"page","link":"https:\/\/bromatologia.info\/wp\/que-es-la-ovb\/","title":{"rendered":"Que es la OVB?"},"content":{"rendered":"<p><img fetchpriority=\"high\" decoding=\"async\" class=\"alignnone wp-image-133\" src=\"https:\/\/bromatologia.info\/wp\/wp-content\/uploads\/2021\/11\/134795167_234665268189707_6496717202275601003_n-300x132.png\" alt=\"\" width=\"1000\" height=\"440\" srcset=\"https:\/\/bromatologia.info\/wp\/wp-content\/uploads\/2021\/11\/134795167_234665268189707_6496717202275601003_n-300x132.png 300w, https:\/\/bromatologia.info\/wp\/wp-content\/uploads\/2021\/11\/134795167_234665268189707_6496717202275601003_n-1024x451.png 1024w, https:\/\/bromatologia.info\/wp\/wp-content\/uploads\/2021\/11\/134795167_234665268189707_6496717202275601003_n-768x339.png 768w, https:\/\/bromatologia.info\/wp\/wp-content\/uploads\/2021\/11\/134795167_234665268189707_6496717202275601003_n.png 1252w\" sizes=\"(max-width: 1000px) 100vw, 1000px\" \/><\/p>\r\n<p><strong>\u00bfQu\u00e9 es la Oficina Virtual de Bromatolog\u00eda? (www.bromatologia.info)<\/strong><\/p>\r\n<p>La Oficina Virtual de Bromatolog\u00eda de la ciudad de Berisso, es una herramienta gestionada por el Departamento de Seguridad Alimentaria (\u00c1rea de bromatolog\u00eda) en la \u00f3rbita de la Secretar\u00eda de Salud de la Municipalidad de Berisso y tiene como principal objetivo acercar a los vecinos a las actividades desarrolladas desde el \u00e1rea y herramientas de autogesti\u00f3n.<\/p>\r\n<p>Desde el mismo, se podr\u00e1n realizar solicitudes para acceder a los cursos de manipulaci\u00f3n de alimentos, conocer otras ofertas formativas, dada la vinculaci\u00f3n del \u00e1rea con distintas casas de estudios, acad\u00e9micas y de oficios, como asi tambi\u00e9n consultar bases de datos sobre certificaciones activas, gesti\u00f3n de libretas sanitarias y carnet de manipulador de alimentos.<\/p>\r\n<p><img decoding=\"async\" class=\"alignnone  wp-image-1795 alignleft\" src=\"https:\/\/bromatologia.info\/wp\/wp-content\/uploads\/2022\/09\/WhatsApp-Image-2022-09-25-at-9.21.11-PM-1-300x169.jpeg\" alt=\"\" width=\"190\" height=\"107\" srcset=\"https:\/\/bromatologia.info\/wp\/wp-content\/uploads\/2022\/09\/WhatsApp-Image-2022-09-25-at-9.21.11-PM-1-300x169.jpeg 300w, https:\/\/bromatologia.info\/wp\/wp-content\/uploads\/2022\/09\/WhatsApp-Image-2022-09-25-at-9.21.11-PM-1-1024x576.jpeg 1024w, https:\/\/bromatologia.info\/wp\/wp-content\/uploads\/2022\/09\/WhatsApp-Image-2022-09-25-at-9.21.11-PM-1-768x432.jpeg 768w, https:\/\/bromatologia.info\/wp\/wp-content\/uploads\/2022\/09\/WhatsApp-Image-2022-09-25-at-9.21.11-PM-1-1536x864.jpeg 1536w, https:\/\/bromatologia.info\/wp\/wp-content\/uploads\/2022\/09\/WhatsApp-Image-2022-09-25-at-9.21.11-PM-1.jpeg 1600w\" sizes=\"(max-width: 190px) 100vw, 190px\" \/><img decoding=\"async\" class=\"alignnone  wp-image-1819 alignleft\" src=\"https:\/\/bromatologia.info\/wp\/wp-content\/uploads\/2022\/10\/WhatsApp-Image-2022-10-20-at-9.30.17-PM-225x300.jpeg\" alt=\"\" width=\"83\" height=\"111\" srcset=\"https:\/\/bromatologia.info\/wp\/wp-content\/uploads\/2022\/10\/WhatsApp-Image-2022-10-20-at-9.30.17-PM-225x300.jpeg 225w, https:\/\/bromatologia.info\/wp\/wp-content\/uploads\/2022\/10\/WhatsApp-Image-2022-10-20-at-9.30.17-PM-768x1024.jpeg 768w, https:\/\/bromatologia.info\/wp\/wp-content\/uploads\/2022\/10\/WhatsApp-Image-2022-10-20-at-9.30.17-PM-1152x1536.jpeg 1152w, https:\/\/bromatologia.info\/wp\/wp-content\/uploads\/2022\/10\/WhatsApp-Image-2022-10-20-at-9.30.17-PM.jpeg 1200w\" sizes=\"(max-width: 83px) 100vw, 83px\" \/><img loading=\"lazy\" decoding=\"async\" class=\"alignnone  wp-image-1794 alignleft\" src=\"https:\/\/bromatologia.info\/wp\/wp-content\/uploads\/2022\/09\/IMG_0936-300x225.jpg\" alt=\"\" width=\"151\" height=\"113\" srcset=\"https:\/\/bromatologia.info\/wp\/wp-content\/uploads\/2022\/09\/IMG_0936-300x225.jpg 300w, https:\/\/bromatologia.info\/wp\/wp-content\/uploads\/2022\/09\/IMG_0936-1024x768.jpg 1024w, https:\/\/bromatologia.info\/wp\/wp-content\/uploads\/2022\/09\/IMG_0936-768x576.jpg 768w, https:\/\/bromatologia.info\/wp\/wp-content\/uploads\/2022\/09\/IMG_0936-1536x1152.jpg 1536w, https:\/\/bromatologia.info\/wp\/wp-content\/uploads\/2022\/09\/IMG_0936-2048x1536.jpg 2048w\" sizes=\"(max-width: 151px) 100vw, 151px\" \/><\/p>\r\n<p>Tambi\u00e9n se podr\u00e1 obtener informaci\u00f3n referida a las PUPAs (Peque\u00f1as Unidades Productoras de Alimentos) y descargar formularios para avanzar en tr\u00e1mites, que de otra manera deber\u00edan ser presenciales. Este es un programa se desarrolla en conjunto con la Secretar\u00eda de Producci\u00f3n del municipio.<\/p>\r\n<p>Otro de los t\u00f3picos abordados tiene que ver con la difusi\u00f3n de distintas campa\u00f1as de prevenci\u00f3n sobre la problem\u00e1tica de las ETA (Enfermedades Transmitidas por Alimentos), como es el caso del SUH (S\u00edndrome Ur\u00e9mico Hemol\u00edtico), una patolog\u00eda end\u00e9mica en nuestro pa\u00eds, as\u00ed como otras referidas a problem\u00e1ticas estacionales: los alimentos y el calor, fiestas seguras y manejo de alimentos en sitios de veraneo, adem\u00e1s de las cinco claves de inocuidad de la OMS-OPS (Organizaci\u00f3n Mundial de la Salud \u2013 Organizaci\u00f3n Panamericana de la Salud) obligatorias para asegurar la inocuidad de nuestros alimentos.<\/p>\r\n<p>En la p\u00e1gina de Recursos, se accede al marco legal vigente (C\u00f3digo alimentario Argentino) Ley Nacional 18284.<\/p>\r\n<p>Podes mantenerte informado\/a, sobre el retiro del mercado de alimentos instruidos por la autoridad nacional m\u00e1xima ANMAT (Administraci\u00f3n Nacional de Medicamentos, Alimentos y Tecnolog\u00eda M\u00e9dica) dependiente del Ministerio de Salud de la Naci\u00f3n y tambi\u00e9n realizar denuncias fundamentadas para su intervenci\u00f3n.<\/p>\r\n<p>Adem\u00e1s, podr\u00e1s encontrar los v\u00ednculos a las principales referencias nacionales e internacionales en materia de alimentos; ANMAT, Red de Seguridad Alimentaria (RSA-CONICET), OPS (Organizaci\u00f3n Panamericana de la Salud), FAO (Organizaci\u00f3n de las Naciones Unidas para la Agricultura y la Alimentaci\u00f3n) y las dos principales asociaciones de prevenci\u00f3n del SUH (S\u00edndrome Ur\u00e9mico Hemol\u00edtico), LuSUH y APRESUH.<\/p>\r\n<p>El pie de todo el sitio, cuenta con la informaci\u00f3n de direcci\u00f3n f\u00edsica, tel\u00e9fonos, mail y formas de contactarse con el \u00e1rea. As\u00ed como links a Facebook, Instagram, y Youtube.<\/p>\r\n<p>Bienvenid@s a la Oficina Virtual de Bromatolog\u00eda! \u00a0 \u00a0<\/p>\r\n<p><div class=\"jetpack-video-wrapper\"><iframe title=\"Actividades del DSA\" width=\"640\" height=\"360\" src=\"https:\/\/www.youtube.com\/embed\/7rwjfiuYK3E?feature=oembed\" frameborder=\"0\" allow=\"accelerometer; autoplay; clipboard-write; encrypted-media; gyroscope; picture-in-picture; web-share\" referrerpolicy=\"strict-origin-when-cross-origin\" allowfullscreen><\/iframe><\/div>\n<\/p>\n<p>&nbsp;<\/p>\n<p>&nbsp;<\/p>\n","protected":false},"excerpt":{"rendered":"<p>\u00bfQu\u00e9 es la Oficina Virtual de Bromatolog\u00eda? (www.bromatologia.info) La Oficina Virtual de Bromatolog\u00eda de la ciudad de Berisso,<\/p>\n","protected":false},"author":1,"featured_media":0,"parent":0,"menu_order":0,"comment_status":"closed","ping_status":"closed","template":"","meta":{"_bbp_topic_count":0,"_bbp_reply_count":0,"_bbp_total_topic_count":0,"_bbp_total_reply_count":0,"_bbp_voice_count":0,"_bbp_anonymous_reply_count":0,"_bbp_topic_count_hidden":0,"_bbp_reply_count_hidden":0,"_bbp_forum_subforum_count":0,"footnotes":""},"class_list":["post-81","page","type-page","status-publish","hentry"],"yoast_head":"<!-- This site is optimized with the Yoast SEO plugin v23.4 - https:\/\/yoast.com\/wordpress\/plugins\/seo\/ -->\n<title>Que es la OVB? -<\/title>\n<meta name=\"robots\" content=\"index, follow, max-snippet:-1, max-image-preview:large, max-video-preview:-1\" \/>\n<link rel=\"canonical\" href=\"https:\/\/bromatologia.info\/wp\/que-es-la-ovb\/\" class=\"yoast-seo-meta-tag\" \/>\n<meta property=\"og:locale\" content=\"es_ES\" class=\"yoast-seo-meta-tag\" \/>\n<meta property=\"og:type\" content=\"article\" class=\"yoast-seo-meta-tag\" \/>\n<meta property=\"og:title\" content=\"Que es la OVB? -\" class=\"yoast-seo-meta-tag\" \/>\n<meta property=\"og:description\" content=\"\u00bfQu\u00e9 es la Oficina Virtual de Bromatolog\u00eda? (www.bromatologia.info) La Oficina Virtual de Bromatolog\u00eda de la ciudad de Berisso,\" class=\"yoast-seo-meta-tag\" \/>\n<meta property=\"og:url\" content=\"https:\/\/bromatologia.info\/wp\/que-es-la-ovb\/\" class=\"yoast-seo-meta-tag\" \/>\n<meta property=\"article:modified_time\" content=\"2024-09-29T05:41:41+00:00\" class=\"yoast-seo-meta-tag\" \/>\n<meta property=\"og:image\" content=\"https:\/\/bromatologia.info\/wp\/wp-content\/uploads\/2021\/11\/134795167_234665268189707_6496717202275601003_n-300x132.png\" class=\"yoast-seo-meta-tag\" \/>\n<meta name=\"twitter:card\" content=\"summary_large_image\" class=\"yoast-seo-meta-tag\" \/>\n<meta name=\"twitter:label1\" content=\"Tiempo de lectura\" class=\"yoast-seo-meta-tag\" \/>\n\t<meta name=\"twitter:data1\" content=\"3 minutos\" class=\"yoast-seo-meta-tag\" \/>\n<script type=\"application\/ld+json\" class=\"yoast-schema-graph\">{\"@context\":\"https:\/\/schema.org\",\"@graph\":[{\"@type\":\"WebPage\",\"@id\":\"https:\/\/bromatologia.info\/wp\/que-es-la-ovb\/\",\"url\":\"https:\/\/bromatologia.info\/wp\/que-es-la-ovb\/\",\"name\":\"Que es la OVB? -\",\"isPartOf\":{\"@id\":\"https:\/\/bromatologia.info\/wp\/#website\"},\"primaryImageOfPage\":{\"@id\":\"https:\/\/bromatologia.info\/wp\/que-es-la-ovb\/#primaryimage\"},\"image\":{\"@id\":\"https:\/\/bromatologia.info\/wp\/que-es-la-ovb\/#primaryimage\"},\"thumbnailUrl\":\"https:\/\/bromatologia.info\/wp\/wp-content\/uploads\/2021\/11\/134795167_234665268189707_6496717202275601003_n-300x132.png\",\"datePublished\":\"2021-11-07T06:27:28+00:00\",\"dateModified\":\"2024-09-29T05:41:41+00:00\",\"breadcrumb\":{\"@id\":\"https:\/\/bromatologia.info\/wp\/que-es-la-ovb\/#breadcrumb\"},\"inLanguage\":\"es\",\"potentialAction\":[{\"@type\":\"ReadAction\",\"target\":[\"https:\/\/bromatologia.info\/wp\/que-es-la-ovb\/\"]}]},{\"@type\":\"ImageObject\",\"inLanguage\":\"es\",\"@id\":\"https:\/\/bromatologia.info\/wp\/que-es-la-ovb\/#primaryimage\",\"url\":\"https:\/\/bromatologia.info\/wp\/wp-content\/uploads\/2021\/11\/134795167_234665268189707_6496717202275601003_n.png\",\"contentUrl\":\"https:\/\/bromatologia.info\/wp\/wp-content\/uploads\/2021\/11\/134795167_234665268189707_6496717202275601003_n.png\",\"width\":1252,\"height\":552},{\"@type\":\"BreadcrumbList\",\"@id\":\"https:\/\/bromatologia.info\/wp\/que-es-la-ovb\/#breadcrumb\",\"itemListElement\":[{\"@type\":\"ListItem\",\"position\":1,\"name\":\"Portada\",\"item\":\"https:\/\/bromatologia.info\/wp\/\"},{\"@type\":\"ListItem\",\"position\":2,\"name\":\"Que es la OVB?\"}]},{\"@type\":\"WebSite\",\"@id\":\"https:\/\/bromatologia.info\/wp\/#website\",\"url\":\"https:\/\/bromatologia.info\/wp\/\",\"name\":\"\",\"description\":\"\",\"potentialAction\":[{\"@type\":\"SearchAction\",\"target\":{\"@type\":\"EntryPoint\",\"urlTemplate\":\"https:\/\/bromatologia.info\/wp\/?s={search_term_string}\"},\"query-input\":{\"@type\":\"PropertyValueSpecification\",\"valueRequired\":true,\"valueName\":\"search_term_string\"}}],\"inLanguage\":\"es\"}]}<\/script>\n<!-- \/ Yoast SEO plugin. -->","yoast_head_json":{"title":"Que es la OVB? -","robots":{"index":"index","follow":"follow","max-snippet":"max-snippet:-1","max-image-preview":"max-image-preview:large","max-video-preview":"max-video-preview:-1"},"canonical":"https:\/\/bromatologia.info\/wp\/que-es-la-ovb\/","og_locale":"es_ES","og_type":"article","og_title":"Que es la OVB? -","og_description":"\u00bfQu\u00e9 es la Oficina Virtual de Bromatolog\u00eda? (www.bromatologia.info) La Oficina Virtual de Bromatolog\u00eda de la ciudad de Berisso,","og_url":"https:\/\/bromatologia.info\/wp\/que-es-la-ovb\/","article_modified_time":"2024-09-29T05:41:41+00:00","og_image":[{"url":"https:\/\/bromatologia.info\/wp\/wp-content\/uploads\/2021\/11\/134795167_234665268189707_6496717202275601003_n-300x132.png"}],"twitter_card":"summary_large_image","twitter_misc":{"Tiempo de lectura":"3 minutos"},"schema":{"@context":"https:\/\/schema.org","@graph":[{"@type":"WebPage","@id":"https:\/\/bromatologia.info\/wp\/que-es-la-ovb\/","url":"https:\/\/bromatologia.info\/wp\/que-es-la-ovb\/","name":"Que es la OVB? -","isPartOf":{"@id":"https:\/\/bromatologia.info\/wp\/#website"},"primaryImageOfPage":{"@id":"https:\/\/bromatologia.info\/wp\/que-es-la-ovb\/#primaryimage"},"image":{"@id":"https:\/\/bromatologia.info\/wp\/que-es-la-ovb\/#primaryimage"},"thumbnailUrl":"https:\/\/bromatologia.info\/wp\/wp-content\/uploads\/2021\/11\/134795167_234665268189707_6496717202275601003_n-300x132.png","datePublished":"2021-11-07T06:27:28+00:00","dateModified":"2024-09-29T05:41:41+00:00","breadcrumb":{"@id":"https:\/\/bromatologia.info\/wp\/que-es-la-ovb\/#breadcrumb"},"inLanguage":"es","potentialAction":[{"@type":"ReadAction","target":["https:\/\/bromatologia.info\/wp\/que-es-la-ovb\/"]}]},{"@type":"ImageObject","inLanguage":"es","@id":"https:\/\/bromatologia.info\/wp\/que-es-la-ovb\/#primaryimage","url":"https:\/\/bromatologia.info\/wp\/wp-content\/uploads\/2021\/11\/134795167_234665268189707_6496717202275601003_n.png","contentUrl":"https:\/\/bromatologia.info\/wp\/wp-content\/uploads\/2021\/11\/134795167_234665268189707_6496717202275601003_n.png","width":1252,"height":552},{"@type":"BreadcrumbList","@id":"https:\/\/bromatologia.info\/wp\/que-es-la-ovb\/#breadcrumb","itemListElement":[{"@type":"ListItem","position":1,"name":"Portada","item":"https:\/\/bromatologia.info\/wp\/"},{"@type":"ListItem","position":2,"name":"Que es la OVB?"}]},{"@type":"WebSite","@id":"https:\/\/bromatologia.info\/wp\/#website","url":"https:\/\/bromatologia.info\/wp\/","name":"","description":"","potentialAction":[{"@type":"SearchAction","target":{"@type":"EntryPoint","urlTemplate":"https:\/\/bromatologia.info\/wp\/?s={search_term_string}"},"query-input":{"@type":"PropertyValueSpecification","valueRequired":true,"valueName":"search_term_string"}}],"inLanguage":"es"}]}},"jetpack_sharing_enabled":true,"jetpack_likes_enabled":true,"jetpack-related-posts":[],"_links":{"self":[{"href":"https:\/\/bromatologia.info\/wp\/wp-json\/wp\/v2\/pages\/81","targetHints":{"allow":["GET"]}}],"collection":[{"href":"https:\/\/bromatologia.info\/wp\/wp-json\/wp\/v2\/pages"}],"about":[{"href":"https:\/\/bromatologia.info\/wp\/wp-json\/wp\/v2\/types\/page"}],"author":[{"embeddable":true,"href":"https:\/\/bromatologia.info\/wp\/wp-json\/wp\/v2\/users\/1"}],"replies":[{"embeddable":true,"href":"https:\/\/bromatologia.info\/wp\/wp-json\/wp\/v2\/comments?post=81"}],"version-history":[{"count":10,"href":"https:\/\/bromatologia.info\/wp\/wp-json\/wp\/v2\/pages\/81\/revisions"}],"predecessor-version":[{"id":3671,"href":"https:\/\/bromatologia.info\/wp\/wp-json\/wp\/v2\/pages\/81\/revisions\/3671"}],"wp:attachment":[{"href":"https:\/\/bromatologia.info\/wp\/wp-json\/wp\/v2\/media?parent=81"}],"curies":[{"name":"wp","href":"https:\/\/api.w.org\/{rel}","templated":true}]}}